{"id":387,"date":"2021-04-22T15:16:09","date_gmt":"2021-04-22T15:16:09","guid":{"rendered":"http:\/\/ingrid.tfcs.chalmers.se\/holtermanska\/?page_id=387"},"modified":"2021-05-01T17:22:57","modified_gmt":"2021-05-01T17:22:57","slug":"auktion","status":"publish","type":"page","link":"https:\/\/ingrid.tfcs.chalmers.se\/holtermanska\/auktion\/","title":{"rendered":"Auktion"},"content":{"rendered":"\n<p>V\u00e4lkommen till Holtermanska-auktionen d\u00e4r nytta och n\u00f6je f\u00f6renas under nervkittlande former. P\u00e5 denna sida hittar du sp\u00e4nnande auktionsobjekt som du och ditt s\u00e4llskap kan njuta av n\u00e4r de nya lokalerna i Holtermanska st\u00e5r klara, Doktorns middag, Kustenmorgnar och L\u00f6nnfacket. Efter avslutad auktion donerar den lycklige vinnaren vinstsumman till projektet<sup>1<\/sup>. Auktionerna kommer avslutas i en rafflande final p\u00e5 \u00e5rets Kustenlunch, exakt sluttid kommer snart!<\/p>\n\n\n\n\n\n<p><\/p>\n\n\n\n<p style=\"font-size:11px\">1 . Auktionen \u00e4r utanf\u00f6r donationerbjudanden, exempelvis som att hamna p\u00e5 tapeten.<\/p>\n\n\n\n<p class=\"has-text-align-left\" style=\"font-size:25px\"><strong>Kustenmorgon<\/strong><\/p>\n\n\n\n<div class=\"wp-block-media-text alignwide is-stacked-on-mobile\"><figure class=\"wp-block-media-text__media\"><img decoding=\"async\" loading=\"lazy\" width=\"520\" height=\"315\" src=\"http:\/\/ingrid.tfcs.chalmers.se\/holtermanska\/wp-content\/uploads\/sites\/2\/2021\/04\/KustenMorgon.jpg\" alt=\"\" class=\"wp-image-473 size-full\" srcset=\"https:\/\/ingrid.tfcs.chalmers.se\/holtermanska\/wp-content\/uploads\/sites\/2\/2021\/04\/KustenMorgon.jpg 520w, https:\/\/ingrid.tfcs.chalmers.se\/holtermanska\/wp-content\/uploads\/sites\/2\/2021\/04\/KustenMorgon-300x182.jpg 300w, https:\/\/ingrid.tfcs.chalmers.se\/holtermanska\/wp-content\/uploads\/sites\/2\/2021\/04\/KustenMorgon-350x212.jpg 350w\" sizes=\"(max-width: 520px) 100vw, 520px\" \/><\/figure><div class=\"wp-block-media-text__content\">\n<p>Disponera lokalen innan kustenlunchen f\u00f6r det angivna \u00e5ret, kl 8:00 &#8211; 10:47. Vinn r\u00e4tten att arrangera din sillfrukost p\u00e5 ett of\u00f6rsk\u00e4mt n\u00e4ra g\u00e5ngavst\u00e5nd till avf\u00e4rden f\u00f6r Kustenlunchen. Tv\u00e5 rediga SVS kommer finnas till f\u00f6rfogande f\u00f6r plock och hj\u00e4lp samt st\u00e4dning. Sittande s\u00e4llskap i sittningslokalen \u00e4r med bekv\u00e4mt utrymme ca 37 personer<\/p>\n\n\n\n<ul><li>Disponera lokal f\u00f6r det givna \u00e5ret till eget f\u00f6rfogande mellan kr 8:00-10:47<\/li><li>Tv\u00e5 SVS som hj\u00e4lpreda<\/li><\/ul>\n\n\n\n<p>Utropspris: 4 000 kr<\/p>\n\n\n\n<p><\/p>\n<\/div><\/div>\n\n\n\n<figure class=\"wp-block-embed is-type-rich is-provider-embed-handler wp-block-embed-embed-handler wp-embed-aspect-16-9 wp-has-aspect-ratio\"><div class=\"wp-block-embed__wrapper\">\n<iframe loading=\"lazy\" title=\"Kustenmorgon\" width=\"525\" height=\"295\" src=\"https:\/\/www.youtube.com\/embed\/VI-q238HXsA?feature=oembed\" frameborder=\"0\" allow=\"accelerometer; autoplay; clipboard-write; encrypted-media; gyroscope; picture-in-picture; web-share\" referrerpolicy=\"strict-origin-when-cross-origin\" allowfullscreen><\/iframe>\n<\/div><\/figure>\n\n\n\n<p style=\"font-size:25px\"><strong>Doktorns middag<\/strong><\/p>\n\n\n\n<div class=\"wp-block-media-text alignwide has-media-on-the-right is-stacked-on-mobile\"><figure class=\"wp-block-media-text__media\"><img decoding=\"async\" loading=\"lazy\" width=\"720\" height=\"496\" src=\"http:\/\/ingrid.tfcs.chalmers.se\/holtermanska\/wp-content\/uploads\/sites\/2\/2021\/04\/doktor3.jpg\" alt=\"\" class=\"wp-image-637 size-full\" srcset=\"https:\/\/ingrid.tfcs.chalmers.se\/holtermanska\/wp-content\/uploads\/sites\/2\/2021\/04\/doktor3.jpg 720w, https:\/\/ingrid.tfcs.chalmers.se\/holtermanska\/wp-content\/uploads\/sites\/2\/2021\/04\/doktor3-300x207.jpg 300w, https:\/\/ingrid.tfcs.chalmers.se\/holtermanska\/wp-content\/uploads\/sites\/2\/2021\/04\/doktor3-350x241.jpg 350w\" sizes=\"(max-width: 720px) 100vw, 720px\" \/><\/figure><div class=\"wp-block-media-text__content\">\n<p class=\"has-text-align-left\">En helkv\u00e4ll f\u00f6r 12 personer i den nya lokalen inspirerad av de s\u00e4genartade kv\u00e4llarna hemma hos den v\u00f6rdade Doktor Mombasa. Mat och dryck kombineras och utf\u00f6rs av v\u00e5rt fina vinkotteri AMS och kocklag SGG. Kv\u00e4llen avslutas med m\u00f6jlighet att bjuda in v\u00e4nner till efterp\u00e4rla i lokalen med S.P.O.N.K. i baren!<\/p>\n\n\n\n<ul><li>Helkv\u00e4ll f\u00f6r 12 personer<\/li><li>M\u00f6jlighet att bjuda in fler till efterfest<\/li><li>Middagsupplevelse inspirerad av Doktor Mombasa och utf\u00f6rd av SGG och AMS<\/li><\/ul>\n\n\n\n<p>Utropspris: 8 000 kr<\/p>\n<\/div><\/div>\n\n\n\n<figure class=\"wp-block-embed is-type-rich is-provider-embed-handler wp-block-embed-embed-handler wp-embed-aspect-16-9 wp-has-aspect-ratio\"><div class=\"wp-block-embed__wrapper\">\n<iframe loading=\"lazy\" title=\"Doktorns Middag\" width=\"525\" height=\"295\" src=\"https:\/\/www.youtube.com\/embed\/5BFTVlZ7ulQ?feature=oembed\" frameborder=\"0\" allow=\"accelerometer; autoplay; clipboard-write; encrypted-media; gyroscope; picture-in-picture; web-share\" referrerpolicy=\"strict-origin-when-cross-origin\" allowfullscreen><\/iframe>\n<\/div><\/figure>\n\n\n\n<p class=\"has-text-align-left\" style=\"font-size:25px\"><br><strong>L\u00f6nnfacket<\/strong><\/p>\n\n\n\n<div class=\"wp-block-media-text alignwide has-media-on-the-right is-stacked-on-mobile\"><figure class=\"wp-block-media-text__media\"><img decoding=\"async\" loading=\"lazy\" width=\"300\" height=\"449\" src=\"http:\/\/ingrid.tfcs.chalmers.se\/holtermanska\/wp-content\/uploads\/sites\/2\/2021\/04\/secret-compartment.png\" alt=\"\" class=\"wp-image-767 size-full\" srcset=\"https:\/\/ingrid.tfcs.chalmers.se\/holtermanska\/wp-content\/uploads\/sites\/2\/2021\/04\/secret-compartment.png 300w, https:\/\/ingrid.tfcs.chalmers.se\/holtermanska\/wp-content\/uploads\/sites\/2\/2021\/04\/secret-compartment-200x300.png 200w\" sizes=\"(max-width: 300px) 100vw, 300px\" \/><\/figure><div class=\"wp-block-media-text__content\">\n<p>Tillg\u00e5ng till ett alldeles eget l\u00e5sbart l\u00f6nnfack n\u00e5gonstans i lokalen exempelvis i l\u00f6nnd\u00f6rren mellan sittningslokalen och mingelrummet. L\u00f6nnfacket \u00e4r perfekt att bruka vid tillf\u00e4llen man \u00e4r i lokalen och kan vara i behov av en br\u00e5dskande flaska mousserande, plunta, kontanter eller snuff? Vad vet vi. Dimensionerna p\u00e5 l\u00f6nnfacket kommer best\u00e4mmas utefter h\u00f6jden p\u00e5 Gubben g\u00e5nger 1.864 + Konstant K, samt passande bredd och tillh\u00f6rande djup. Placering av l\u00f6nnfack kommer utformas av styrgruppen i Holtermanskaprojektet. C.S.- styrelse f\u00f6rbeh\u00e5ller sig r\u00e4tten att f\u00f6rbjuda f\u00f6rvaring av olagliga f\u00f6rem\u00e5l eller f\u00f6rem\u00e5l med stark od\u00f6r.<\/p>\n\n\n\n<ul><li>Disponera l\u00e5sbart l\u00f6nnfack tillsvidare att f\u00f6rvara saker av olika v\u00e4rde och vikt<\/li><\/ul>\n\n\n\n<p>Utropspris: 8 000 kr<\/p>\n<\/div><\/div>\n\n\n\n<figure class=\"wp-block-embed is-type-rich is-provider-embed-handler wp-block-embed-embed-handler wp-embed-aspect-16-9 wp-has-aspect-ratio\"><div class=\"wp-block-embed__wrapper\">\n<iframe loading=\"lazy\" title=\"L\u00f6nnfacket\" width=\"525\" height=\"295\" src=\"https:\/\/www.youtube.com\/embed\/Vbls_bnod9M?feature=oembed\" frameborder=\"0\" allow=\"accelerometer; autoplay; clipboard-write; encrypted-media; gyroscope; picture-in-picture; web-share\" referrerpolicy=\"strict-origin-when-cross-origin\" allowfullscreen><\/iframe>\n<\/div><\/figure>\n\n\n\n<p style=\"font-size:25px\"><br><strong>Budande och betalning<\/strong><\/p>\n\n\n\n<p>Uppdatera sidan f\u00f6r att se senaste ledande bud. Vid vinnande bud skickas ett vinnarmail med betalningsinformation till angiven e-mailadress.<\/p>\n\n\n\n<p>Tid kvar:<\/p>\n\n\n\n\n\n<div style=\"background-color: #222222\">\n  <iframe loading=\"lazy\" class=\"wider-element\" id=\"chart\" style=\"background-color: #222222; overflow: hidden;\" width=\"600px\" height=\"270\" seamless=\"\" frameborder=\"0\" scrolling=\"no\" src=\"https:\/\/docs.google.com\/spreadsheets\/d\/1LRjULANIVh6scQ1tct6JOkBvTm0bw9P-HSpSSSplSGE\/htmlembed\/sheet?gid=149797269&amp;&amp;range=A1:H11\n\"><\/iframe>\n  <script>\nwindow.setInterval(\"reloadIFrame();\", 30000);\nfunction reloadIFrame() {\n document.getElementById(\"chart\").src=\"https:\/\/docs.google.com\/spreadsheets\/d\/1LRjULANIVh6scQ1tct6JOkBvTm0bw9P-HSpSSSplSGE\/htmlembed\/sheet?gid=149797269&&range=A1:H11\n\";\n}\n<\/script>\n<\/div>\n\n\n","protected":false},"excerpt":{"rendered":"<p>V\u00e4lkommen till Holtermanska-auktionen d\u00e4r nytta och n\u00f6je f\u00f6renas under nervkittlande former. P\u00e5 denna sida hittar du sp\u00e4nnande auktionsobjekt som du och ditt s\u00e4llskap kan njuta av n\u00e4r de nya lokalerna i Holtermanska st\u00e5r klara, Doktorns middag, Kustenmorgnar och L\u00f6nnfacket. Efter avslutad auktion donerar den lycklige vinnaren vinstsumman till projektet1. Auktionerna kommer avslutas i en rafflande &hellip; <\/p>\n<p class=\"link-more\"><a href=\"https:\/\/ingrid.tfcs.chalmers.se\/holtermanska\/auktion\/\" class=\"more-link\">Continue reading<span class=\"screen-reader-text\"> &#8220;Auktion&#8221;<\/span><\/a><\/p>\n","protected":false},"author":3,"featured_media":0,"parent":0,"menu_order":0,"comment_status":"closed","ping_status":"closed","template":"","meta":[],"_links":{"self":[{"href":"https:\/\/ingrid.tfcs.chalmers.se\/holtermanska\/wp-json\/wp\/v2\/pages\/387"}],"collection":[{"href":"https:\/\/ingrid.tfcs.chalmers.se\/holtermanska\/wp-json\/wp\/v2\/pages"}],"about":[{"href":"https:\/\/ingrid.tfcs.chalmers.se\/holtermanska\/wp-json\/wp\/v2\/types\/page"}],"author":[{"embeddable":true,"href":"https:\/\/ingrid.tfcs.chalmers.se\/holtermanska\/wp-json\/wp\/v2\/users\/3"}],"replies":[{"embeddable":true,"href":"https:\/\/ingrid.tfcs.chalmers.se\/holtermanska\/wp-json\/wp\/v2\/comments?post=387"}],"version-history":[{"count":90,"href":"https:\/\/ingrid.tfcs.chalmers.se\/holtermanska\/wp-json\/wp\/v2\/pages\/387\/revisions"}],"predecessor-version":[{"id":1344,"href":"https:\/\/ingrid.tfcs.chalmers.se\/holtermanska\/wp-json\/wp\/v2\/pages\/387\/revisions\/1344"}],"wp:attachment":[{"href":"https:\/\/ingrid.tfcs.chalmers.se\/holtermanska\/wp-json\/wp\/v2\/media?parent=387"}],"curies":[{"name":"wp","href":"https:\/\/api.w.org\/{rel}","templated":true}]}}