{"id":1186,"date":"2023-03-30T18:31:58","date_gmt":"2023-03-30T18:31:58","guid":{"rendered":"https:\/\/ingrid.tfcs.chalmers.se\/holtermanska\/?page_id=1186"},"modified":"2026-03-10T08:28:23","modified_gmt":"2026-03-10T08:28:23","slug":"boka","status":"publish","type":"page","link":"https:\/\/ingrid.tfcs.chalmers.se\/holtermanska\/","title":{"rendered":"Skicka bokningsf\u00f6rfr\u00e5gan f\u00f6r G\u00e5sen"},"content":{"rendered":"\n<p>F\u00f6r att g\u00f6ra en bokningsf\u00f6rfr\u00e5gan fyll i datum i kalendern, vad lokalen ska anv\u00e4ndas till  samt kontaktuppgifterna s\u00e5 \u00e5terkommer vi med vidare instruktioner. Pris f\u00f6r hyra \u00e4r 3000kr f\u00f6r en helgdag och 2000kr f\u00f6r vardag.<br><br>Dagar med annan f\u00e4rg en svart \u00e4r upptagna.<\/p>\n\n\n\n<div class=\"wp-block-booking-booking\"> <div id=\"form_id720825289282\" class=\"wpdevelop\"><form  id=\"booking_form1\"   class=\"booking_form vertical\" method=\"post\" action=\"\"><div id=\"ajax_respond_insert1\" class=\"ajax_respond_insert\" style=\"display:none;\"><\/div><a name=\"bklnk1\" id=\"bklnk1\"><\/a><div id=\"booking_form_div1\" class=\"booking_form_div\"><div class=\"wpbc_booking_form_structure wpbc_vertical\">\n  <div class=\"wpbc_structure_calendar\">\n    <div class=\"wpbc_change_over_triangle\"><style type=\"text\/css\" rel=\"stylesheet\" >.hasDatepick .datepick-inline .datepick-title-row th,.hasDatepick .datepick-inline .datepick-days-cell{ height: 30px !important; }<\/style><div class=\"bk_calendar_frame months_num_in_row_2 cal_month_num_1 wpbc_timeslot_day_bg_as_available\" style=\"width:100%;max-width:568px;\"><div id=\"calendar_booking1\">Calendar is loading...<\/div><\/div><div style=\"font-size:9px;text-align:left;margin-top:3px;\">Powered by <a style=\"font-size:9px;\" href=\"https:\/\/wpbookingcalendar.com\" target=\"_blank\" title=\"Booking Calendar plugin for WordPress\">Booking Calendar<\/a><\/div><textarea id=\"date_booking1\" name=\"date_booking1\" autocomplete=\"off\" style=\"display:none;\"><\/textarea><\/div>\n  <\/div>\n  <div class=\"wpbc_structure_form\">\n  <div class=\"form-group\">  <label for=\"name1\" class=\"control-label\">Namn*:<\/label>   <div class=\"controls\">   <input type=\"text\" name=\"name1\" id=\"name1\" class=\"input-xlarge wpdev-validates-as-required\" \/><\/div><\/div>  <div class=\"form-group\">  <label for=\"email1\" class=\"control-label\">Email*:<\/label>   <div class=\"controls\">   <input type=\"text\" name=\"email1\" id=\"email1\" class=\"input-xlarge wpdev-validates-as-email wpdev-validates-as-required wpdev-validates-as-required\" \/><\/div><\/div>  <div class=\"form-group\">  <label for=\"phone1\" class=\"control-label\">Telefon:<\/label>   <div class=\"controls\">   <input type=\"text\" name=\"phone1\" id=\"phone1\" class=\"input-xlarge\" \/><\/div><\/div>  <div class=\"form-group\">  <label for=\"details1\" class=\"control-label\">Meddelande:<\/label>   <div class=\"controls\">   <textarea  rows=\"3\" name=\"details1\" id=\"details1\" class=\"input-xlarge\" ><\/textarea><\/div><\/div><div class=\"form-group\"><\/div>\n<div class=\"form-group\"><button class=\"btn btn-default\" type=\"button\" onclick=\"mybooking_submit(this.form,1,'en_US');\" >Skicka<\/button><\/div>\n  <\/div>\n<\/div>\n<div class=\"wpbc_booking_form_footer\"><\/div><input id=\"bk_type1\" name=\"bk_type1\" class=\"\" type=\"hidden\" value=\"1\" \/><\/div><div id=\"submiting1\"><\/div><div class=\"form_bk_messages\" id=\"form_bk_messages1\" ><\/div><input type=\"hidden\" id=\"wpbc_nonce1\" name=\"wpbc_nonce1\" value=\"96a9271c33\" \/><input type=\"hidden\" name=\"_wp_http_referer\" value=\"\/holtermanska\/wp-json\/wp\/v2\/pages\/1186\" \/><input type=\"hidden\" id=\"wpbc_nonceCALCULATE_THE_COST1\" name=\"wpbc_nonceCALCULATE_THE_COST1\" value=\"c4c439d25d\" \/><input type=\"hidden\" name=\"_wp_http_referer\" value=\"\/holtermanska\/wp-json\/wp\/v2\/pages\/1186\" \/><\/form><\/div><div id=\"booking_form_garbage1\" class=\"booking_form_garbage\"><\/div><script type=\"text\/javascript\">\n                                jQuery(document).ready( function(){\n                                    jQuery(\".widget_wpdev_booking .booking_form.form-horizontal\").removeClass(\"form-horizontal\");\n                                    var visible_booking_id_on_page_num = visible_booking_id_on_page.length;\n                                    if (visible_booking_id_on_page_num !== null ) {\n                                        for (var i=0;i< visible_booking_id_on_page_num ;i++){\n                                          if ( visible_booking_id_on_page[i]==\"booking_form_div1\" ) {\n                                              document.getElementById(\"form_id720825289282\").innerHTML = \"<span style='color:#A00;font-size:10px;'>Warning! Booking calendar for this booking resource are already at the page, please check more about this issue at this page: https:\/\/wpbookingcalendar.com\/faq\/why-the-booking-calendar-widget-not-show-on-page\/<\/span>\";                                                                                                  \n                                              jQuery(\"#form_id720825289282\").animate( {opacity: 1}, 10000 ).fadeOut(5000);\n                                              return;\n                                          }\n                                        }\n                                        visible_booking_id_on_page[ visible_booking_id_on_page_num ]=\"booking_form_div1\";\n                                    }\n                                });\n                            <\/script> <script type='text\/javascript'>  jQuery(document).ready( function(){  date_admin_blank[1] = [];  date2approve[1] = []; if (typeof( date2approve[1][ '5-15-2026' ] ) == 'undefined'){  date2approve[1][ '5-15-2026' ] = [];}   date2approve[1][ '5-15-2026' ][  date2approve[1]['5-15-2026'].length  ] = [5, 15, 2026, 0, 0, 0];  var date_approved_par = [];  wpbc_resource_availability[ 1 ] = [''];  if (typeof( date_approved_par[ '4-8-2026' ] ) == 'undefined'){  date_approved_par[ '4-8-2026' ] = [];}  date_approved_par[ '4-8-2026' ][  date_approved_par['4-8-2026'].length  ] = [4,8,2026, 0, 0, 0]; if (typeof( date_approved_par[ '4-9-2026' ] ) == 'undefined'){  date_approved_par[ '4-9-2026' ] = [];}  date_approved_par[ '4-9-2026' ][  date_approved_par['4-9-2026'].length  ] = [4,9,2026, 0, 0, 0]; if (typeof( date_approved_par[ '4-10-2026' ] ) == 'undefined'){  date_approved_par[ '4-10-2026' ] = [];}  date_approved_par[ '4-10-2026' ][  date_approved_par['4-10-2026'].length  ] = [4,10,2026, 0, 0, 0]; if (typeof( date_approved_par[ '4-11-2026' ] ) == 'undefined'){  date_approved_par[ '4-11-2026' ] = [];}  date_approved_par[ '4-11-2026' ][  date_approved_par['4-11-2026'].length  ] = [4,11,2026, 0, 0, 0]; if (typeof( date_approved_par[ '4-12-2026' ] ) == 'undefined'){  date_approved_par[ '4-12-2026' ] = [];}  date_approved_par[ '4-12-2026' ][  date_approved_par['4-12-2026'].length  ] = [4,12,2026, 0, 0, 0]; if (typeof( date_approved_par[ '4-16-2026' ] ) == 'undefined'){  date_approved_par[ '4-16-2026' ] = [];}  date_approved_par[ '4-16-2026' ][  date_approved_par['4-16-2026'].length  ] = [4,16,2026, 0, 0, 0]; if (typeof( date_approved_par[ '4-17-2026' ] ) == 'undefined'){  date_approved_par[ '4-17-2026' ] = [];}  date_approved_par[ '4-17-2026' ][  date_approved_par['4-17-2026'].length  ] = [4,17,2026, 0, 0, 0]; if (typeof( date_approved_par[ '4-25-2026' ] ) == 'undefined'){  date_approved_par[ '4-25-2026' ] = [];}  date_approved_par[ '4-25-2026' ][  date_approved_par['4-25-2026'].length  ] = [4,25,2026, 0, 0, 0]; if (typeof( date_approved_par[ '4-30-2026' ] ) == 'undefined'){  date_approved_par[ '4-30-2026' ] = [];}  date_approved_par[ '4-30-2026' ][  date_approved_par['4-30-2026'].length  ] = [4,30,2026, 0, 0, 0]; if (typeof( date_approved_par[ '5-1-2026' ] ) == 'undefined'){  date_approved_par[ '5-1-2026' ] = [];}  date_approved_par[ '5-1-2026' ][  date_approved_par['5-1-2026'].length  ] = [5,1,2026, 0, 0, 0]; if (typeof( date_approved_par[ '5-2-2026' ] ) == 'undefined'){  date_approved_par[ '5-2-2026' ] = [];}  date_approved_par[ '5-2-2026' ][  date_approved_par['5-2-2026'].length  ] = [5,2,2026, 0, 0, 0]; if (typeof( date_approved_par[ '5-9-2026' ] ) == 'undefined'){  date_approved_par[ '5-9-2026' ] = [];}  date_approved_par[ '5-9-2026' ][  date_approved_par['5-9-2026'].length  ] = [5,9,2026, 0, 0, 0]; if (typeof( date_approved_par[ '5-14-2026' ] ) == 'undefined'){  date_approved_par[ '5-14-2026' ] = [];}  date_approved_par[ '5-14-2026' ][  date_approved_par['5-14-2026'].length  ] = [5,14,2026, 0, 0, 0]; if (typeof( date_approved_par[ '5-16-2026' ] ) == 'undefined'){  date_approved_par[ '5-16-2026' ] = [];}  date_approved_par[ '5-16-2026' ][  date_approved_par['5-16-2026'].length  ] = [5,16,2026, 0, 0, 0]; if (typeof( date_approved_par[ '5-23-2026' ] ) == 'undefined'){  date_approved_par[ '5-23-2026' ] = [];}  date_approved_par[ '5-23-2026' ][  date_approved_par['5-23-2026'].length  ] = [5,23,2026, 0, 0, 0]; if (typeof( date_approved_par[ '5-29-2026' ] ) == 'undefined'){  date_approved_par[ '5-29-2026' ] = [];}  date_approved_par[ '5-29-2026' ][  date_approved_par['5-29-2026'].length  ] = [5,29,2026, 0, 0, 0]; if (typeof( date_approved_par[ '5-30-2026' ] ) == 'undefined'){  date_approved_par[ '5-30-2026' ] = [];}  date_approved_par[ '5-30-2026' ][  date_approved_par['5-30-2026'].length  ] = [5,30,2026, 0, 0, 0]; if (typeof( date_approved_par[ '6-5-2026' ] ) == 'undefined'){  date_approved_par[ '6-5-2026' ] = [];}  date_approved_par[ '6-5-2026' ][  date_approved_par['6-5-2026'].length  ] = [6,5,2026, 0, 0, 0]; if (typeof( date_approved_par[ '6-6-2026' ] ) == 'undefined'){  date_approved_par[ '6-6-2026' ] = [];}  date_approved_par[ '6-6-2026' ][  date_approved_par['6-6-2026'].length  ] = [6,6,2026, 0, 0, 0]; if (typeof( date_approved_par[ '6-13-2026' ] ) == 'undefined'){  date_approved_par[ '6-13-2026' ] = [];}  date_approved_par[ '6-13-2026' ][  date_approved_par['6-13-2026'].length  ] = [6,13,2026, 0, 0, 0]; if (typeof( date_approved_par[ '7-3-2026' ] ) == 'undefined'){  date_approved_par[ '7-3-2026' ] = [];}  date_approved_par[ '7-3-2026' ][  date_approved_par['7-3-2026'].length  ] = [7,3,2026, 0, 0, 0]; if (typeof( date_approved_par[ '8-1-2026' ] ) == 'undefined'){  date_approved_par[ '8-1-2026' ] = [];}  date_approved_par[ '8-1-2026' ][  date_approved_par['8-1-2026'].length  ] = [8,1,2026, 0, 0, 0];  init_datepick_cal('1', date_approved_par, 1 , 1, false   );  }); <\/script><\/div>\n\n\n\n<div class=\"is-layout-flex wp-block-buttons\">\n<div class=\"wp-block-button\"><a class=\"wp-block-button__link wp-element-button\" href=\"https:\/\/drive.google.com\/file\/d\/1DWvs7IfohRZ89QX8ii5BkeUPYVVeNBDs\/view?usp=sharing\" target=\"_blank\" rel=\"noreferrer noopener\">Hyresinformation (pdf)<\/a><\/div>\n\n\n\n<div class=\"wp-block-button\"><a class=\"wp-block-button__link wp-element-button\" href=\"https:\/\/drive.google.com\/file\/d\/1B7bDEX3fH9dt6bNIIV0NK7SQ2j56KrIc\/view?usp=sharing\" target=\"_blank\" rel=\"noopener\">St\u00e4dinstruktioner (pdf)<\/a><\/div>\n<\/div>\n\n\n\n<div class=\"is-layout-constrained wp-block-group\"><div class=\"wp-block-group__inner-container\"><\/div><\/div>\n","protected":false},"excerpt":{"rendered":"<p>F\u00f6r att g\u00f6ra en bokningsf\u00f6rfr\u00e5gan fyll i datum i kalendern, vad lokalen ska anv\u00e4ndas till samt kontaktuppgifterna s\u00e5 \u00e5terkommer vi med vidare instruktioner. Pris f\u00f6r hyra \u00e4r 3000kr f\u00f6r en helgdag och 2000kr f\u00f6r vardag. Dagar med annan f\u00e4rg en svart \u00e4r upptagna.<\/p>\n","protected":false},"author":3,"featured_media":0,"parent":0,"menu_order":0,"comment_status":"closed","ping_status":"closed","template":"","meta":[],"_links":{"self":[{"href":"https:\/\/ingrid.tfcs.chalmers.se\/holtermanska\/wp-json\/wp\/v2\/pages\/1186"}],"collection":[{"href":"https:\/\/ingrid.tfcs.chalmers.se\/holtermanska\/wp-json\/wp\/v2\/pages"}],"about":[{"href":"https:\/\/ingrid.tfcs.chalmers.se\/holtermanska\/wp-json\/wp\/v2\/types\/page"}],"author":[{"embeddable":true,"href":"https:\/\/ingrid.tfcs.chalmers.se\/holtermanska\/wp-json\/wp\/v2\/users\/3"}],"replies":[{"embeddable":true,"href":"https:\/\/ingrid.tfcs.chalmers.se\/holtermanska\/wp-json\/wp\/v2\/comments?post=1186"}],"version-history":[{"count":19,"href":"https:\/\/ingrid.tfcs.chalmers.se\/holtermanska\/wp-json\/wp\/v2\/pages\/1186\/revisions"}],"predecessor-version":[{"id":1346,"href":"https:\/\/ingrid.tfcs.chalmers.se\/holtermanska\/wp-json\/wp\/v2\/pages\/1186\/revisions\/1346"}],"wp:attachment":[{"href":"https:\/\/ingrid.tfcs.chalmers.se\/holtermanska\/wp-json\/wp\/v2\/media?parent=1186"}],"curies":[{"name":"wp","href":"https:\/\/api.w.org\/{rel}","templated":true}]}}